{"id":10,"date":"2025-01-08T10:38:14","date_gmt":"2025-01-08T10:38:14","guid":{"rendered":"https:\/\/roroboa.acrowd.se\/?page_id=10"},"modified":"2025-01-09T09:44:28","modified_gmt":"2025-01-09T09:44:28","slug":"roroglass","status":"publish","type":"page","link":"https:\/\/roroboa.acrowd.se\/?page_id=10","title":{"rendered":"R\u00f6r\u00f6glass"},"content":{"rendered":"\t\t<div data-elementor-type=\"wp-page\" data-elementor-id=\"10\" class=\"elementor elementor-10\" data-elementor-post-type=\"page\">\n\t\t\t\t<div class=\"elementor-element elementor-element-2de8d87 e-flex e-con-boxed e-con e-parent\" data-id=\"2de8d87\" data-element_type=\"container\">\n\t\t\t\t\t<div class=\"e-con-inner\">\n\t\t<div class=\"elementor-element elementor-element-325343e e-con-full e-flex e-con e-child\" data-id=\"325343e\" data-element_type=\"container\">\n\t\t\t\t<div class=\"elementor-element elementor-element-8b472b2 elementor-widget elementor-widget-heading\" data-id=\"8b472b2\" data-element_type=\"widget\" data-widget_type=\"heading.default\">\n\t\t\t\t<div class=\"elementor-widget-container\">\n\t\t\t\t\t<h1 class=\"elementor-heading-title elementor-size-default\">Gelato med smak av R\u00f6r\u00f6<\/h1>\t\t\t\t<\/div>\n\t\t\t\t<\/div>\n\t\t\t\t<div class=\"elementor-element elementor-element-688021d elementor-widget elementor-widget-text-editor\" data-id=\"688021d\" data-element_type=\"widget\" data-widget_type=\"text-editor.default\">\n\t\t\t\t<div class=\"elementor-widget-container\">\n\t\t\t\t\t\t\t\t\t<p>N\u00e4r vi \u00f6ppnade 2016 var v\u00e5r f\u00f6rsta vision enkel: att skapa den perfekta gelaton. Med inspiration fr\u00e5n italienska traditioner och en k\u00e4rlek till rena smaker satte vi ig\u00e5ng. Vi gick p\u00e5 kurser, byggde ett eget glassproduktionsrum och b\u00f6rjade experimentera med smaker. Resultatet? En gelato som snabbt blev en favorit och en stolthet f\u00f6r oss p\u00e5 R\u00f6r\u00f6boa.<\/p>\t\t\t\t\t\t\t\t<\/div>\n\t\t\t\t<\/div>\n\t\t\t\t<\/div>\n\t\t\t\t<div class=\"elementor-element elementor-element-0c1d0d0 elementor-widget__width-inherit elementor-widget elementor-widget-image\" data-id=\"0c1d0d0\" data-element_type=\"widget\" data-widget_type=\"image.default\">\n\t\t\t\t<div class=\"elementor-widget-container\">\n\t\t\t\t\t\t\t\t\t\t\t\t\t\t\t<img fetchpriority=\"high\" decoding=\"async\" width=\"1080\" height=\"1087\" src=\"https:\/\/roroboa.acrowd.se\/wp-content\/uploads\/2025\/01\/Glass-2-e1736334743416.jpg\" class=\"attachment-full size-full wp-image-40\" alt=\"\" srcset=\"https:\/\/roroboa.acrowd.se\/wp-content\/uploads\/2025\/01\/Glass-2-e1736334743416.jpg 1080w, https:\/\/roroboa.acrowd.se\/wp-content\/uploads\/2025\/01\/Glass-2-e1736334743416-298x300.jpg 298w, https:\/\/roroboa.acrowd.se\/wp-content\/uploads\/2025\/01\/Glass-2-e1736334743416-1017x1024.jpg 1017w, https:\/\/roroboa.acrowd.se\/wp-content\/uploads\/2025\/01\/Glass-2-e1736334743416-150x150.jpg 150w, https:\/\/roroboa.acrowd.se\/wp-content\/uploads\/2025\/01\/Glass-2-e1736334743416-768x773.jpg 768w\" sizes=\"(max-width: 1080px) 100vw, 1080px\" \/>\t\t\t\t\t\t\t\t\t\t\t\t\t\t\t<\/div>\n\t\t\t\t<\/div>\n\t\t\t\t\t<\/div>\n\t\t\t\t<\/div>\n\t\t<div class=\"elementor-element elementor-element-c6be261 e-flex e-con-boxed e-con e-parent\" data-id=\"c6be261\" data-element_type=\"container\" data-settings=\"{&quot;background_background&quot;:&quot;classic&quot;}\">\n\t\t\t\t\t<div class=\"e-con-inner\">\n\t\t<div class=\"elementor-element elementor-element-a34c9c9 e-con-full e-flex e-con e-child\" data-id=\"a34c9c9\" data-element_type=\"container\">\n\t\t<div class=\"elementor-element elementor-element-19c38f2 e-con-full e-flex e-con e-child\" data-id=\"19c38f2\" data-element_type=\"container\">\n\t\t\t\t<div class=\"elementor-element elementor-element-2286db3 elementor-widget elementor-widget-image\" data-id=\"2286db3\" data-element_type=\"widget\" data-widget_type=\"image.default\">\n\t\t\t\t<div class=\"elementor-widget-container\">\n\t\t\t\t\t\t\t\t\t\t\t\t\t\t\t<img decoding=\"async\" width=\"1536\" height=\"1546\" src=\"https:\/\/roroboa.acrowd.se\/wp-content\/uploads\/2025\/01\/Gelato-e1736335129756.jpg\" class=\"attachment-full size-full wp-image-36\" alt=\"\" srcset=\"https:\/\/roroboa.acrowd.se\/wp-content\/uploads\/2025\/01\/Gelato-e1736335129756.jpg 1536w, https:\/\/roroboa.acrowd.se\/wp-content\/uploads\/2025\/01\/Gelato-e1736335129756-298x300.jpg 298w, https:\/\/roroboa.acrowd.se\/wp-content\/uploads\/2025\/01\/Gelato-e1736335129756-1017x1024.jpg 1017w, https:\/\/roroboa.acrowd.se\/wp-content\/uploads\/2025\/01\/Gelato-e1736335129756-150x150.jpg 150w, https:\/\/roroboa.acrowd.se\/wp-content\/uploads\/2025\/01\/Gelato-e1736335129756-768x773.jpg 768w, https:\/\/roroboa.acrowd.se\/wp-content\/uploads\/2025\/01\/Gelato-e1736335129756-1526x1536.jpg 1526w\" sizes=\"(max-width: 1536px) 100vw, 1536px\" \/>\t\t\t\t\t\t\t\t\t\t\t\t\t\t\t<\/div>\n\t\t\t\t<\/div>\n\t\t<div class=\"elementor-element elementor-element-b9933f0 e-con-full e-flex e-con e-child\" data-id=\"b9933f0\" data-element_type=\"container\" data-settings=\"{&quot;background_background&quot;:&quot;classic&quot;}\">\n\t\t\t\t<div class=\"elementor-element elementor-element-3a29894 elementor-widget__width-inherit elementor-widget elementor-widget-heading\" data-id=\"3a29894\" data-element_type=\"widget\" data-widget_type=\"heading.default\">\n\t\t\t\t<div class=\"elementor-widget-container\">\n\t\t\t\t\t<h3 class=\"elementor-heading-title elementor-size-default\">Hantverk fr\u00e5n grunden\n<\/h3>\t\t\t\t<\/div>\n\t\t\t\t<\/div>\n\t\t<div class=\"elementor-element elementor-element-6f1275d e-con-full e-flex e-con e-child\" data-id=\"6f1275d\" data-element_type=\"container\" data-settings=\"{&quot;background_background&quot;:&quot;gradient&quot;}\">\n\t\t\t\t<div class=\"elementor-element elementor-element-e9f6bd7 elementor-widget elementor-widget-text-editor\" data-id=\"e9f6bd7\" data-element_type=\"widget\" data-widget_type=\"text-editor.default\">\n\t\t\t\t<div class=\"elementor-widget-container\">\n\t\t\t\t\t\t\t\t\t<p>V\u00e5r gelato tillverkas dagligen under sommarm\u00e5naderna, och vi producerar upp till 100 kg f\u00f6r att m\u00f6ta efterfr\u00e5gan. Varje smak \u00e4r ett hantverk, skapat av r\u00e5varor av h\u00f6gsta kvalitet. Vi har valt att arbeta utan on\u00f6diga tillsatser \u2013 ist\u00e4llet l\u00e5ter vi naturens egna ingredienser tala f\u00f6r sig sj\u00e4lva. Konsistensen p\u00e5 v\u00e5r gelato varierar beroende p\u00e5 r\u00e5varorna, vilket g\u00f6r varje smak unik och autentisk.<\/p>\t\t\t\t\t\t\t\t<\/div>\n\t\t\t\t<\/div>\n\t\t\t\t<\/div>\n\t\t\t\t<\/div>\n\t\t\t\t<\/div>\n\t\t<div class=\"elementor-element elementor-element-368141e e-con-full e-flex e-con e-child\" data-id=\"368141e\" data-element_type=\"container\">\n\t\t\t\t<div class=\"elementor-element elementor-element-e0e7b1f elementor-widget elementor-widget-image\" data-id=\"e0e7b1f\" data-element_type=\"widget\" data-widget_type=\"image.default\">\n\t\t\t\t<div class=\"elementor-widget-container\">\n\t\t\t\t\t\t\t\t\t\t\t\t\t\t\t<img fetchpriority=\"high\" decoding=\"async\" width=\"1080\" height=\"1087\" src=\"https:\/\/roroboa.acrowd.se\/wp-content\/uploads\/2025\/01\/Glass-2-e1736334743416.jpg\" class=\"attachment-full size-full wp-image-40\" alt=\"\" srcset=\"https:\/\/roroboa.acrowd.se\/wp-content\/uploads\/2025\/01\/Glass-2-e1736334743416.jpg 1080w, https:\/\/roroboa.acrowd.se\/wp-content\/uploads\/2025\/01\/Glass-2-e1736334743416-298x300.jpg 298w, https:\/\/roroboa.acrowd.se\/wp-content\/uploads\/2025\/01\/Glass-2-e1736334743416-1017x1024.jpg 1017w, https:\/\/roroboa.acrowd.se\/wp-content\/uploads\/2025\/01\/Glass-2-e1736334743416-150x150.jpg 150w, https:\/\/roroboa.acrowd.se\/wp-content\/uploads\/2025\/01\/Glass-2-e1736334743416-768x773.jpg 768w\" sizes=\"(max-width: 1080px) 100vw, 1080px\" \/>\t\t\t\t\t\t\t\t\t\t\t\t\t\t\t<\/div>\n\t\t\t\t<\/div>\n\t\t<div class=\"elementor-element elementor-element-f4cb484 e-con-full e-flex e-con e-child\" data-id=\"f4cb484\" data-element_type=\"container\" data-settings=\"{&quot;background_background&quot;:&quot;classic&quot;}\">\n\t\t\t\t<div class=\"elementor-element elementor-element-adcf9d7 elementor-widget__width-inherit elementor-widget elementor-widget-heading\" data-id=\"adcf9d7\" data-element_type=\"widget\" data-widget_type=\"heading.default\">\n\t\t\t\t<div class=\"elementor-widget-container\">\n\t\t\t\t\t<h3 class=\"elementor-heading-title elementor-size-default\">Vad g\u00f6r gelato s\u00e5 speciellt?\n<\/h3>\t\t\t\t<\/div>\n\t\t\t\t<\/div>\n\t\t<div class=\"elementor-element elementor-element-6ab1506 e-con-full e-flex e-con e-child\" data-id=\"6ab1506\" data-element_type=\"container\" data-settings=\"{&quot;background_background&quot;:&quot;gradient&quot;}\">\n\t\t\t\t<div class=\"elementor-element elementor-element-3803aff elementor-widget elementor-widget-text-editor\" data-id=\"3803aff\" data-element_type=\"widget\" data-widget_type=\"text-editor.default\">\n\t\t\t\t<div class=\"elementor-widget-container\">\n\t\t\t\t\t\t\t\t\t<p>Till skillnad fr\u00e5n vanlig gr\u00e4ddglass inneh\u00e5ller v\u00e5r gelato mindre gr\u00e4dde och mycket mindre luft. Detta ger den en kompakt och intensiv smakupplevelse. Med endast 7\u201310 % vispad luft f\u00e5r du mer av den \u00e4kta produkten i varje sked. Kombinationen av naturliga smaker och en kr\u00e4mig konsistens \u00e4r det som g\u00f6r gelaton till n\u00e5got alldeles extra.<\/p>\t\t\t\t\t\t\t\t<\/div>\n\t\t\t\t<\/div>\n\t\t\t\t<\/div>\n\t\t\t\t<\/div>\n\t\t\t\t<\/div>\n\t\t\t\t<\/div>\n\t\t\t\t\t<\/div>\n\t\t\t\t<\/div>\n\t\t<div class=\"elementor-element elementor-element-40ebfe5 e-flex e-con-boxed e-con e-child\" data-id=\"40ebfe5\" data-element_type=\"container\">\n\t\t\t\t\t<div class=\"e-con-inner\">\n\t\t\t\t<div class=\"elementor-element elementor-element-b35657a elementor-widget__width-inherit elementor-widget elementor-widget-image\" data-id=\"b35657a\" data-element_type=\"widget\" data-widget_type=\"image.default\">\n\t\t\t\t<div class=\"elementor-widget-container\">\n\t\t\t\t\t\t\t\t\t\t\t\t\t\t\t<img decoding=\"async\" width=\"1440\" height=\"1439\" src=\"https:\/\/roroboa.acrowd.se\/wp-content\/uploads\/2025\/01\/Glass.jpg\" class=\"attachment-full size-full wp-image-35\" alt=\"\" srcset=\"https:\/\/roroboa.acrowd.se\/wp-content\/uploads\/2025\/01\/Glass.jpg 1440w, https:\/\/roroboa.acrowd.se\/wp-content\/uploads\/2025\/01\/Glass-300x300.jpg 300w, https:\/\/roroboa.acrowd.se\/wp-content\/uploads\/2025\/01\/Glass-1024x1024.jpg 1024w, https:\/\/roroboa.acrowd.se\/wp-content\/uploads\/2025\/01\/Glass-150x150.jpg 150w, https:\/\/roroboa.acrowd.se\/wp-content\/uploads\/2025\/01\/Glass-768x767.jpg 768w\" sizes=\"(max-width: 1440px) 100vw, 1440px\" \/>\t\t\t\t\t\t\t\t\t\t\t\t\t\t\t<\/div>\n\t\t\t\t<\/div>\n\t\t<div class=\"elementor-element elementor-element-4e50937 e-con-full e-flex e-con e-child\" data-id=\"4e50937\" data-element_type=\"container\">\n\t\t\t\t<div class=\"elementor-element elementor-element-4261377 elementor-widget elementor-widget-heading\" data-id=\"4261377\" data-element_type=\"widget\" data-widget_type=\"heading.default\">\n\t\t\t\t<div class=\"elementor-widget-container\">\n\t\t\t\t\t<h2 class=\"elementor-heading-title elementor-size-default\"> V\u00e5ra storlekar och priser<\/h2>\t\t\t\t<\/div>\n\t\t\t\t<\/div>\n\t\t\t\t<div class=\"elementor-element elementor-element-f57089f elementor-widget elementor-widget-text-editor\" data-id=\"f57089f\" data-element_type=\"widget\" data-widget_type=\"text-editor.default\">\n\t\t\t\t<div class=\"elementor-widget-container\">\n\t\t\t\t\t\t\t\t\t<p>Hos oss \u00e4r gelato mer \u00e4n en dessert \u2013 det \u00e4r en upplevelse. Vi erbjuder en m\u00e4ngd olika smaker, b\u00e5de mj\u00f6lkbaserade och veganska sorbeter. Oavsett om du v\u00e4ljer en b\u00e4gare eller strut, en mindre eller st\u00f6rre portion, kan du vara s\u00e4ker p\u00e5 att varje skopa \u00e4r fylld med kvalitet och k\u00e4rlek. F\u00f6r dig som vill ta med dig en bit av R\u00f6r\u00f6boa hem finns \u00e4ven v\u00e5ra popul\u00e4ra 500 ml-f\u00f6rpackningar.<\/p>\t\t\t\t\t\t\t\t<\/div>\n\t\t\t\t<\/div>\n\t\t\t\t<div class=\"elementor-element elementor-element-ebcb5cb elementor-icon-list--layout-traditional elementor-list-item-link-full_width elementor-widget elementor-widget-icon-list\" data-id=\"ebcb5cb\" data-element_type=\"widget\" data-widget_type=\"icon-list.default\">\n\t\t\t\t<div class=\"elementor-widget-container\">\n\t\t\t\t\t\t\t<ul class=\"elementor-icon-list-items\">\n\t\t\t\t\t\t\t<li class=\"elementor-icon-list-item\">\n\t\t\t\t\t\t\t\t\t\t<span class=\"elementor-icon-list-text\">Mindre: 40 kr \u2013 F\u00f6r den lilla njutningen.<\/span>\n\t\t\t\t\t\t\t\t\t<\/li>\n\t\t\t\t\t\t\t\t<li class=\"elementor-icon-list-item\">\n\t\t\t\t\t\t\t\t\t\t<span class=\"elementor-icon-list-text\">St\u00f6rre: 50 kr \u2013 Perfekt f\u00f6r en rej\u00e4l glasspaus.<\/span>\n\t\t\t\t\t\t\t\t\t<\/li>\n\t\t\t\t\t\t\t\t<li class=\"elementor-icon-list-item\">\n\t\t\t\t\t\t\t\t\t\t<span class=\"elementor-icon-list-text\">Jumbo: 65 kr \u2013 F\u00f6r dig som vill ha mer av det goda.<\/span>\n\t\t\t\t\t\t\t\t\t<\/li>\n\t\t\t\t\t\t\t\t<li class=\"elementor-icon-list-item\">\n\t\t\t\t\t\t\t\t\t\t<span class=\"elementor-icon-list-text\">500 ml att ta med hem: 110 kr \u2013 Ta med smaken hem och njut n\u00e4r du vill.<\/span>\n\t\t\t\t\t\t\t\t\t<\/li>\n\t\t\t\t\t\t<\/ul>\n\t\t\t\t\t\t<\/div>\n\t\t\t\t<\/div>\n\t\t\t\t<\/div>\n\t\t\t\t\t<\/div>\n\t\t\t\t<\/div>\n\t\t\t\t<\/div>\n\t\t","protected":false},"excerpt":{"rendered":"<p>Gelato med smak av R\u00f6r\u00f6 N\u00e4r vi \u00f6ppnade 2016 var v\u00e5r f\u00f6rsta vision enkel: att skapa den perfekta gelaton. Med inspiration fr\u00e5n italienska traditioner och en k\u00e4rlek till rena smaker satte vi ig\u00e5ng. Vi gick p\u00e5 kurser, byggde ett eget glassproduktionsrum och b\u00f6rjade experimentera med smaker. Resultatet? En gelato som snabbt blev en favorit och [&hellip;]<\/p>\n","protected":false},"author":1,"featured_media":0,"parent":0,"menu_order":0,"comment_status":"closed","ping_status":"closed","template":"elementor_header_footer","meta":{"footnotes":""},"class_list":["post-10","page","type-page","status-publish","hentry"],"yoast_head":"<!-- This site is optimized with the Yoast SEO plugin v24.2 - https:\/\/yoast.com\/wordpress\/plugins\/seo\/ -->\n<title>R\u00f6r\u00f6glass - R\u00f6r\u00f6boa Gelato &amp; Restaurang<\/title>\n<meta name=\"robots\" content=\"noindex, follow, max-snippet:-1, max-image-preview:large, max-video-preview:-1\" \/>\n<meta property=\"og:locale\" content=\"sv_SE\" \/>\n<meta property=\"og:type\" content=\"article\" \/>\n<meta property=\"og:title\" content=\"R\u00f6r\u00f6glass - R\u00f6r\u00f6boa Gelato &amp; Restaurang\" \/>\n<meta property=\"og:description\" content=\"Gelato med smak av R\u00f6r\u00f6 N\u00e4r vi \u00f6ppnade 2016 var v\u00e5r f\u00f6rsta vision enkel: att skapa den perfekta gelaton. Med inspiration fr\u00e5n italienska traditioner och en k\u00e4rlek till rena smaker satte vi ig\u00e5ng. Vi gick p\u00e5 kurser, byggde ett eget glassproduktionsrum och b\u00f6rjade experimentera med smaker. Resultatet? En gelato som snabbt blev en favorit och [&hellip;]\" \/>\n<meta property=\"og:url\" content=\"https:\/\/roroboa.acrowd.se\/?page_id=10\" \/>\n<meta property=\"og:site_name\" content=\"R\u00f6r\u00f6boa Gelato &amp; Restaurang\" \/>\n<meta property=\"article:modified_time\" content=\"2025-01-09T09:44:28+00:00\" \/>\n<meta property=\"og:image\" content=\"https:\/\/roroboa.acrowd.se\/wp-content\/uploads\/2025\/01\/Glass-2-e1736334743416.jpg\" \/>\n\t<meta property=\"og:image:width\" content=\"1080\" \/>\n\t<meta property=\"og:image:height\" content=\"1087\" \/>\n\t<meta property=\"og:image:type\" content=\"image\/jpeg\" \/>\n<meta name=\"twitter:card\" content=\"summary_large_image\" \/>\n<meta name=\"twitter:label1\" content=\"Est. reading time\" \/>\n\t<meta name=\"twitter:data1\" content=\"3 minuter\" \/>\n<script type=\"application\/ld+json\" class=\"yoast-schema-graph\">{\"@context\":\"https:\/\/schema.org\",\"@graph\":[{\"@type\":\"WebPage\",\"@id\":\"https:\/\/roroboa.acrowd.se\/?page_id=10\",\"url\":\"https:\/\/roroboa.acrowd.se\/?page_id=10\",\"name\":\"R\u00f6r\u00f6glass - R\u00f6r\u00f6boa Gelato &amp; Restaurang\",\"isPartOf\":{\"@id\":\"https:\/\/roroboa.acrowd.se\/#website\"},\"primaryImageOfPage\":{\"@id\":\"https:\/\/roroboa.acrowd.se\/?page_id=10#primaryimage\"},\"image\":{\"@id\":\"https:\/\/roroboa.acrowd.se\/?page_id=10#primaryimage\"},\"thumbnailUrl\":\"https:\/\/roroboa.acrowd.se\/wp-content\/uploads\/2025\/01\/Glass-2-e1736334743416.jpg\",\"datePublished\":\"2025-01-08T10:38:14+00:00\",\"dateModified\":\"2025-01-09T09:44:28+00:00\",\"breadcrumb\":{\"@id\":\"https:\/\/roroboa.acrowd.se\/?page_id=10#breadcrumb\"},\"inLanguage\":\"sv-SE\",\"potentialAction\":[{\"@type\":\"ReadAction\",\"target\":[\"https:\/\/roroboa.acrowd.se\/?page_id=10\"]}]},{\"@type\":\"ImageObject\",\"inLanguage\":\"sv-SE\",\"@id\":\"https:\/\/roroboa.acrowd.se\/?page_id=10#primaryimage\",\"url\":\"https:\/\/roroboa.acrowd.se\/wp-content\/uploads\/2025\/01\/Glass-2-e1736334743416.jpg\",\"contentUrl\":\"https:\/\/roroboa.acrowd.se\/wp-content\/uploads\/2025\/01\/Glass-2-e1736334743416.jpg\",\"width\":1080,\"height\":1087},{\"@type\":\"BreadcrumbList\",\"@id\":\"https:\/\/roroboa.acrowd.se\/?page_id=10#breadcrumb\",\"itemListElement\":[{\"@type\":\"ListItem\",\"position\":1,\"name\":\"Home\",\"item\":\"https:\/\/roroboa.acrowd.se\/\"},{\"@type\":\"ListItem\",\"position\":2,\"name\":\"R\u00f6r\u00f6glass\"}]},{\"@type\":\"WebSite\",\"@id\":\"https:\/\/roroboa.acrowd.se\/#website\",\"url\":\"https:\/\/roroboa.acrowd.se\/\",\"name\":\"R\u00f6r\u00f6boa Gelato &amp; Restaurang\",\"description\":\"R\u00f6r\u00f6boa Gelato &amp; Restaurang\",\"publisher\":{\"@id\":\"https:\/\/roroboa.acrowd.se\/#organization\"},\"potentialAction\":[{\"@type\":\"SearchAction\",\"target\":{\"@type\":\"EntryPoint\",\"urlTemplate\":\"https:\/\/roroboa.acrowd.se\/?s={search_term_string}\"},\"query-input\":{\"@type\":\"PropertyValueSpecification\",\"valueRequired\":true,\"valueName\":\"search_term_string\"}}],\"inLanguage\":\"sv-SE\"},{\"@type\":\"Organization\",\"@id\":\"https:\/\/roroboa.acrowd.se\/#organization\",\"name\":\"R\u00f6r\u00f6boa Gelato &amp; Restaurang\",\"url\":\"https:\/\/roroboa.acrowd.se\/\",\"logo\":{\"@type\":\"ImageObject\",\"inLanguage\":\"sv-SE\",\"@id\":\"https:\/\/roroboa.acrowd.se\/#\/schema\/logo\/image\/\",\"url\":\"https:\/\/roroboa.acrowd.se\/wp-content\/uploads\/2025\/01\/Roroboa-.png\",\"contentUrl\":\"https:\/\/roroboa.acrowd.se\/wp-content\/uploads\/2025\/01\/Roroboa-.png\",\"width\":80,\"height\":80,\"caption\":\"R\u00f6r\u00f6boa Gelato &amp; Restaurang\"},\"image\":{\"@id\":\"https:\/\/roroboa.acrowd.se\/#\/schema\/logo\/image\/\"}}]}<\/script>\n<!-- \/ Yoast SEO plugin. -->","yoast_head_json":{"title":"R\u00f6r\u00f6glass - R\u00f6r\u00f6boa Gelato &amp; Restaurang","robots":{"index":"noindex","follow":"follow","max-snippet":"max-snippet:-1","max-image-preview":"max-image-preview:large","max-video-preview":"max-video-preview:-1"},"og_locale":"sv_SE","og_type":"article","og_title":"R\u00f6r\u00f6glass - R\u00f6r\u00f6boa Gelato &amp; Restaurang","og_description":"Gelato med smak av R\u00f6r\u00f6 N\u00e4r vi \u00f6ppnade 2016 var v\u00e5r f\u00f6rsta vision enkel: att skapa den perfekta gelaton. Med inspiration fr\u00e5n italienska traditioner och en k\u00e4rlek till rena smaker satte vi ig\u00e5ng. Vi gick p\u00e5 kurser, byggde ett eget glassproduktionsrum och b\u00f6rjade experimentera med smaker. Resultatet? En gelato som snabbt blev en favorit och [&hellip;]","og_url":"https:\/\/roroboa.acrowd.se\/?page_id=10","og_site_name":"R\u00f6r\u00f6boa Gelato &amp; Restaurang","article_modified_time":"2025-01-09T09:44:28+00:00","og_image":[{"width":1080,"height":1087,"url":"https:\/\/roroboa.acrowd.se\/wp-content\/uploads\/2025\/01\/Glass-2-e1736334743416.jpg","type":"image\/jpeg"}],"twitter_card":"summary_large_image","twitter_misc":{"Est. reading time":"3 minuter"},"schema":{"@context":"https:\/\/schema.org","@graph":[{"@type":"WebPage","@id":"https:\/\/roroboa.acrowd.se\/?page_id=10","url":"https:\/\/roroboa.acrowd.se\/?page_id=10","name":"R\u00f6r\u00f6glass - R\u00f6r\u00f6boa Gelato &amp; Restaurang","isPartOf":{"@id":"https:\/\/roroboa.acrowd.se\/#website"},"primaryImageOfPage":{"@id":"https:\/\/roroboa.acrowd.se\/?page_id=10#primaryimage"},"image":{"@id":"https:\/\/roroboa.acrowd.se\/?page_id=10#primaryimage"},"thumbnailUrl":"https:\/\/roroboa.acrowd.se\/wp-content\/uploads\/2025\/01\/Glass-2-e1736334743416.jpg","datePublished":"2025-01-08T10:38:14+00:00","dateModified":"2025-01-09T09:44:28+00:00","breadcrumb":{"@id":"https:\/\/roroboa.acrowd.se\/?page_id=10#breadcrumb"},"inLanguage":"sv-SE","potentialAction":[{"@type":"ReadAction","target":["https:\/\/roroboa.acrowd.se\/?page_id=10"]}]},{"@type":"ImageObject","inLanguage":"sv-SE","@id":"https:\/\/roroboa.acrowd.se\/?page_id=10#primaryimage","url":"https:\/\/roroboa.acrowd.se\/wp-content\/uploads\/2025\/01\/Glass-2-e1736334743416.jpg","contentUrl":"https:\/\/roroboa.acrowd.se\/wp-content\/uploads\/2025\/01\/Glass-2-e1736334743416.jpg","width":1080,"height":1087},{"@type":"BreadcrumbList","@id":"https:\/\/roroboa.acrowd.se\/?page_id=10#breadcrumb","itemListElement":[{"@type":"ListItem","position":1,"name":"Home","item":"https:\/\/roroboa.acrowd.se\/"},{"@type":"ListItem","position":2,"name":"R\u00f6r\u00f6glass"}]},{"@type":"WebSite","@id":"https:\/\/roroboa.acrowd.se\/#website","url":"https:\/\/roroboa.acrowd.se\/","name":"R\u00f6r\u00f6boa Gelato &amp; Restaurang","description":"R\u00f6r\u00f6boa Gelato &amp; Restaurang","publisher":{"@id":"https:\/\/roroboa.acrowd.se\/#organization"},"potentialAction":[{"@type":"SearchAction","target":{"@type":"EntryPoint","urlTemplate":"https:\/\/roroboa.acrowd.se\/?s={search_term_string}"},"query-input":{"@type":"PropertyValueSpecification","valueRequired":true,"valueName":"search_term_string"}}],"inLanguage":"sv-SE"},{"@type":"Organization","@id":"https:\/\/roroboa.acrowd.se\/#organization","name":"R\u00f6r\u00f6boa Gelato &amp; Restaurang","url":"https:\/\/roroboa.acrowd.se\/","logo":{"@type":"ImageObject","inLanguage":"sv-SE","@id":"https:\/\/roroboa.acrowd.se\/#\/schema\/logo\/image\/","url":"https:\/\/roroboa.acrowd.se\/wp-content\/uploads\/2025\/01\/Roroboa-.png","contentUrl":"https:\/\/roroboa.acrowd.se\/wp-content\/uploads\/2025\/01\/Roroboa-.png","width":80,"height":80,"caption":"R\u00f6r\u00f6boa Gelato &amp; Restaurang"},"image":{"@id":"https:\/\/roroboa.acrowd.se\/#\/schema\/logo\/image\/"}}]}},"_links":{"self":[{"href":"https:\/\/roroboa.acrowd.se\/index.php?rest_route=\/wp\/v2\/pages\/10","targetHints":{"allow":["GET"]}}],"collection":[{"href":"https:\/\/roroboa.acrowd.se\/index.php?rest_route=\/wp\/v2\/pages"}],"about":[{"href":"https:\/\/roroboa.acrowd.se\/index.php?rest_route=\/wp\/v2\/types\/page"}],"author":[{"embeddable":true,"href":"https:\/\/roroboa.acrowd.se\/index.php?rest_route=\/wp\/v2\/users\/1"}],"replies":[{"embeddable":true,"href":"https:\/\/roroboa.acrowd.se\/index.php?rest_route=%2Fwp%2Fv2%2Fcomments&post=10"}],"version-history":[{"count":112,"href":"https:\/\/roroboa.acrowd.se\/index.php?rest_route=\/wp\/v2\/pages\/10\/revisions"}],"predecessor-version":[{"id":587,"href":"https:\/\/roroboa.acrowd.se\/index.php?rest_route=\/wp\/v2\/pages\/10\/revisions\/587"}],"wp:attachment":[{"href":"https:\/\/roroboa.acrowd.se\/index.php?rest_route=%2Fwp%2Fv2%2Fmedia&parent=10"}],"curies":[{"name":"wp","href":"https:\/\/api.w.org\/{rel}","templated":true}]}}