{"id":15,"date":"2025-01-08T10:39:04","date_gmt":"2025-01-08T10:39:04","guid":{"rendered":"https:\/\/roroboa.acrowd.se\/?page_id=15"},"modified":"2025-01-09T10:28:44","modified_gmt":"2025-01-09T10:28:44","slug":"jobba-hos-oss","status":"publish","type":"page","link":"https:\/\/roroboa.acrowd.se\/?page_id=15","title":{"rendered":"Jobba hos oss"},"content":{"rendered":"\t\t<div data-elementor-type=\"wp-page\" data-elementor-id=\"15\" class=\"elementor elementor-15\" data-elementor-post-type=\"page\">\n\t\t\t\t<div class=\"elementor-element elementor-element-85fa96d e-flex e-con-boxed e-con e-parent\" data-id=\"85fa96d\" data-element_type=\"container\">\n\t\t\t\t\t<div class=\"e-con-inner\">\n\t\t<div class=\"elementor-element elementor-element-998ce59 e-con-full e-flex e-con e-child\" data-id=\"998ce59\" data-element_type=\"container\">\n\t\t\t\t<div class=\"elementor-element elementor-element-e7d2a1f elementor-widget elementor-widget-heading\" data-id=\"e7d2a1f\" data-element_type=\"widget\" data-widget_type=\"heading.default\">\n\t\t\t\t<div class=\"elementor-widget-container\">\n\t\t\t\t\t<h1 class=\"elementor-heading-title elementor-size-default\">Bli en del av v\u00e5rt team!\n<\/h1>\t\t\t\t<\/div>\n\t\t\t\t<\/div>\n\t\t\t\t<div class=\"elementor-element elementor-element-295a00a elementor-widget elementor-widget-text-editor\" data-id=\"295a00a\" data-element_type=\"widget\" data-widget_type=\"text-editor.default\">\n\t\t\t\t<div class=\"elementor-widget-container\">\n\t\t\t\t\t\t\t\t\t<p>Inf\u00f6r varje s\u00e4song s\u00f6ker vi nya, entusiastiska medarbetare som vill vara med och skapa en of\u00f6rgl\u00f6mlig upplevelse f\u00f6r v\u00e5ra g\u00e4ster. Hos oss f\u00e5r du m\u00f6jlighet att vara en del av ett dynamiskt team d\u00e4r tempot \u00e4r h\u00f6gt och ingen dag \u00e4r den andra lik. H\u00e4r \u00e4r det alltid fullt av liv, fr\u00e5n soliga dagar p\u00e5 terrassen till hektiska glassk\u00f6er \u2013 och vi s\u00f6ker dig som tycker om att vara en del av denna energi.<\/p>\t\t\t\t\t\t\t\t<\/div>\n\t\t\t\t<\/div>\n\t\t\t\t<div class=\"elementor-element elementor-element-a47840c elementor-widget__width-auto hover-underline-animation elementor-widget elementor-widget-button\" data-id=\"a47840c\" data-element_type=\"widget\" data-widget_type=\"button.default\">\n\t\t\t\t<div class=\"elementor-widget-container\">\n\t\t\t\t\t\t\t\t\t<div class=\"elementor-button-wrapper\">\n\t\t\t\t\t<a class=\"elementor-button elementor-button-link elementor-size-sm\" href=\"mailto:hej@roroboa.se\">\n\t\t\t\t\t\t<span class=\"elementor-button-content-wrapper\">\n\t\t\t\t\t\t<span class=\"elementor-button-icon\">\n\t\t\t\t<i aria-hidden=\"true\" class=\"material-icons md-arrow_outward\" data-md-icon=\"arrow_outward\"><\/i>\t\t\t<\/span>\n\t\t\t\t\t\t\t\t\t<span class=\"elementor-button-text\">Ans\u00f6kan<\/span>\n\t\t\t\t\t<\/span>\n\t\t\t\t\t<\/a>\n\t\t\t\t<\/div>\n\t\t\t\t\t\t\t\t<\/div>\n\t\t\t\t<\/div>\n\t\t\t\t<\/div>\n\t\t\t\t\t<\/div>\n\t\t\t\t<\/div>\n\t\t<div class=\"elementor-element elementor-element-20007e9 e-flex e-con-boxed e-con e-parent\" data-id=\"20007e9\" data-element_type=\"container\" data-settings=\"{&quot;background_background&quot;:&quot;classic&quot;}\">\n\t\t\t\t\t<div class=\"e-con-inner\">\n\t\t<div class=\"elementor-element elementor-element-dca552f e-con-full e-flex e-con e-child\" data-id=\"dca552f\" data-element_type=\"container\">\n\t\t<div class=\"elementor-element elementor-element-f47d701 e-con-full e-flex e-con e-child\" data-id=\"f47d701\" data-element_type=\"container\">\n\t\t\t\t<div class=\"elementor-element elementor-element-2140be1 elementor-widget__width-inherit elementor-widget elementor-widget-image\" data-id=\"2140be1\" data-element_type=\"widget\" data-widget_type=\"image.default\">\n\t\t\t\t<div class=\"elementor-widget-container\">\n\t\t\t\t\t\t\t\t\t\t\t\t\t\t\t<img fetchpriority=\"high\" decoding=\"async\" width=\"1440\" height=\"1450\" src=\"https:\/\/roroboa.acrowd.se\/wp-content\/uploads\/2025\/01\/Personal-e1736338236528.jpg\" class=\"attachment-full size-full wp-image-183\" alt=\"\" srcset=\"https:\/\/roroboa.acrowd.se\/wp-content\/uploads\/2025\/01\/Personal-e1736338236528.jpg 1440w, https:\/\/roroboa.acrowd.se\/wp-content\/uploads\/2025\/01\/Personal-e1736338236528-298x300.jpg 298w, https:\/\/roroboa.acrowd.se\/wp-content\/uploads\/2025\/01\/Personal-e1736338236528-1017x1024.jpg 1017w, https:\/\/roroboa.acrowd.se\/wp-content\/uploads\/2025\/01\/Personal-e1736338236528-150x150.jpg 150w, https:\/\/roroboa.acrowd.se\/wp-content\/uploads\/2025\/01\/Personal-e1736338236528-768x773.jpg 768w\" sizes=\"(max-width: 1440px) 100vw, 1440px\" \/>\t\t\t\t\t\t\t\t\t\t\t\t\t\t\t<\/div>\n\t\t\t\t<\/div>\n\t\t<div class=\"elementor-element elementor-element-a61a3ce e-con-full e-flex e-con e-child\" data-id=\"a61a3ce\" data-element_type=\"container\" data-settings=\"{&quot;background_background&quot;:&quot;classic&quot;}\">\n\t\t\t\t<div class=\"elementor-element elementor-element-a8704a5 elementor-widget__width-inherit elementor-widget elementor-widget-heading\" data-id=\"a8704a5\" data-element_type=\"widget\" data-widget_type=\"heading.default\">\n\t\t\t\t<div class=\"elementor-widget-container\">\n\t\t\t\t\t<h2 class=\"elementor-heading-title elementor-size-default\">Vad vi s\u00f6ker<\/h2>\t\t\t\t<\/div>\n\t\t\t\t<\/div>\n\t\t<div class=\"elementor-element elementor-element-310c027 e-con-full e-flex e-con e-child\" data-id=\"310c027\" data-element_type=\"container\" data-settings=\"{&quot;background_background&quot;:&quot;gradient&quot;}\">\n\t\t\t\t<div class=\"elementor-element elementor-element-d7f4189 elementor-widget elementor-widget-text-editor\" data-id=\"d7f4189\" data-element_type=\"widget\" data-widget_type=\"text-editor.default\">\n\t\t\t\t<div class=\"elementor-widget-container\">\n\t\t\t\t\t\t\t\t\t<p>Vi letar efter personer som har en passion f\u00f6r service och m\u00f6tet med g\u00e4ster. Har du ett leende p\u00e5 l\u00e4pparna \u00e4ven n\u00e4r det \u00e4r mycket att g\u00f6ra? Trivs du med att arbeta i ett h\u00f6gt tempo och gillar att ta ansvar? D\u00e5 passar du in hos oss!<\/p><p>Vi s\u00f6ker s\u00e4rskilt dig som:<\/p><ul><li>\u00c4r serviceinriktad och gillar att bem\u00f6ta m\u00e4nniskor<\/li><li>Har h\u00f6g energi och kan h\u00e5lla ett glatt hum\u00f6r, \u00e4ven under stressiga perioder<\/li><li>\u00c4r flexibel och gillar att ta dig an nya utmaningar<\/li><li>Har ett intresse f\u00f6r mat, dryck och gelato \u2013 eller vill l\u00e4ra dig mer om det!<\/li><\/ul>\t\t\t\t\t\t\t\t<\/div>\n\t\t\t\t<\/div>\n\t\t\t\t<\/div>\n\t\t\t\t<\/div>\n\t\t\t\t<\/div>\n\t\t<div class=\"elementor-element elementor-element-139f2fe e-con-full e-flex e-con e-child\" data-id=\"139f2fe\" data-element_type=\"container\">\n\t\t\t\t<div class=\"elementor-element elementor-element-6c7c7b5 elementor-widget__width-inherit elementor-widget elementor-widget-image\" data-id=\"6c7c7b5\" data-element_type=\"widget\" data-widget_type=\"image.default\">\n\t\t\t\t<div class=\"elementor-widget-container\">\n\t\t\t\t\t\t\t\t\t\t\t\t\t\t\t<img decoding=\"async\" width=\"844\" height=\"633\" src=\"https:\/\/roroboa.acrowd.se\/wp-content\/uploads\/2025\/01\/Personal-2.jpg\" class=\"attachment-full size-full wp-image-184\" alt=\"\" srcset=\"https:\/\/roroboa.acrowd.se\/wp-content\/uploads\/2025\/01\/Personal-2.jpg 844w, https:\/\/roroboa.acrowd.se\/wp-content\/uploads\/2025\/01\/Personal-2-300x225.jpg 300w, https:\/\/roroboa.acrowd.se\/wp-content\/uploads\/2025\/01\/Personal-2-768x576.jpg 768w\" sizes=\"(max-width: 844px) 100vw, 844px\" \/>\t\t\t\t\t\t\t\t\t\t\t\t\t\t\t<\/div>\n\t\t\t\t<\/div>\n\t\t<div class=\"elementor-element elementor-element-40bb587 e-con-full e-flex e-con e-child\" data-id=\"40bb587\" data-element_type=\"container\" data-settings=\"{&quot;background_background&quot;:&quot;classic&quot;}\">\n\t\t\t\t<div class=\"elementor-element elementor-element-3cd2942 elementor-widget__width-inherit elementor-widget elementor-widget-heading\" data-id=\"3cd2942\" data-element_type=\"widget\" data-widget_type=\"heading.default\">\n\t\t\t\t<div class=\"elementor-widget-container\">\n\t\t\t\t\t<h2 class=\"elementor-heading-title elementor-size-default\">Vad vi erbjuder<\/h2>\t\t\t\t<\/div>\n\t\t\t\t<\/div>\n\t\t<div class=\"elementor-element elementor-element-8febebe e-con-full e-flex e-con e-child\" data-id=\"8febebe\" data-element_type=\"container\" data-settings=\"{&quot;background_background&quot;:&quot;gradient&quot;}\">\n\t\t\t\t<div class=\"elementor-element elementor-element-46153de elementor-widget elementor-widget-text-editor\" data-id=\"46153de\" data-element_type=\"widget\" data-widget_type=\"text-editor.default\">\n\t\t\t\t<div class=\"elementor-widget-container\">\n\t\t\t\t\t\t\t\t\t<p>Att jobba hos oss inneb\u00e4r inte bara ett roligt jobb utan ocks\u00e5 en m\u00f6jlighet att vara en del av v\u00e5rt fantastiska team. Du kommer att arbeta i en vacker milj\u00f6 p\u00e5 R\u00f6r\u00f6, d\u00e4r havets n\u00e4rhet och naturen ger en unik arbetsupplevelse. Vi erbjuder ett fartfyllt och omv\u00e4xlande jobb d\u00e4r du f\u00e5r tr\u00e4ffa m\u00e4nniskor fr\u00e5n hela v\u00e4rlden och bidra till en of\u00f6rgl\u00f6mlig sommars\u00e4song. Vi erbjuder \u00e4ven:<\/p><ul><li>Ett energifyllt och engagerat team<\/li><li>L\u00e4rorika erfarenheter och m\u00f6jligheten att utvecklas<\/li><li>En plats d\u00e4r ingen dag \u00e4r den andra lik<\/li><li>Flexibla arbetstider och m\u00f6jlighet att jobba intensivt under s\u00e4songen<\/li><\/ul>\t\t\t\t\t\t\t\t<\/div>\n\t\t\t\t<\/div>\n\t\t\t\t<\/div>\n\t\t\t\t<\/div>\n\t\t\t\t<\/div>\n\t\t\t\t<\/div>\n\t\t\t\t\t<\/div>\n\t\t\t\t<\/div>\n\t\t<div class=\"elementor-element elementor-element-d34b34d e-flex e-con-boxed e-con e-parent\" data-id=\"d34b34d\" data-element_type=\"container\">\n\t\t\t\t\t<div class=\"e-con-inner\">\n\t\t<div class=\"elementor-element elementor-element-582905e e-con-full e-flex e-con e-child\" data-id=\"582905e\" data-element_type=\"container\" data-settings=\"{&quot;background_background&quot;:&quot;classic&quot;}\">\n\t\t\t\t<div class=\"elementor-element elementor-element-bdcd766 elementor-widget elementor-widget-heading\" data-id=\"bdcd766\" data-element_type=\"widget\" data-widget_type=\"heading.default\">\n\t\t\t\t<div class=\"elementor-widget-container\">\n\t\t\t\t\t<h1 class=\"elementor-heading-title elementor-size-default\">\u00c4r du redo att ta steget?\n<\/h1>\t\t\t\t<\/div>\n\t\t\t\t<\/div>\n\t\t\t\t<div class=\"elementor-element elementor-element-af8c369 elementor-widget elementor-widget-text-editor\" data-id=\"af8c369\" data-element_type=\"widget\" data-widget_type=\"text-editor.default\">\n\t\t\t\t<div class=\"elementor-widget-container\">\n\t\t\t\t\t\t\t\t\t<p>Om du \u00e4r en positiv, ansvarstagande och social person som vill vara med och skapa en magisk upplevelse f\u00f6r v\u00e5ra g\u00e4ster, d\u00e5 \u00e4r du varmt v\u00e4lkommen att s\u00f6ka jobb hos oss! Skriv g\u00e4rna n\u00e5gra rader om dig sj\u00e4lv och varf\u00f6r du vill jobba p\u00e5 Boa, och skicka in din ans\u00f6kan till oss. Vi ser fram emot att h\u00f6ra fr\u00e5n dig!<\/p><p>V\u00e4lkommen till Boa \u2013 din sommarstart p\u00e5 R\u00f6r\u00f6!<\/p>\t\t\t\t\t\t\t\t<\/div>\n\t\t\t\t<\/div>\n\t\t\t\t<div class=\"elementor-element elementor-element-9769ba8 elementor-widget__width-auto hover-underline-animation elementor-widget elementor-widget-button\" data-id=\"9769ba8\" data-element_type=\"widget\" data-widget_type=\"button.default\">\n\t\t\t\t<div class=\"elementor-widget-container\">\n\t\t\t\t\t\t\t\t\t<div class=\"elementor-button-wrapper\">\n\t\t\t\t\t<a class=\"elementor-button elementor-button-link elementor-size-sm\" href=\"mailto:hej@roroboa.se\">\n\t\t\t\t\t\t<span class=\"elementor-button-content-wrapper\">\n\t\t\t\t\t\t<span class=\"elementor-button-icon\">\n\t\t\t\t<i aria-hidden=\"true\" class=\"material-icons md-arrow_outward\" data-md-icon=\"arrow_outward\"><\/i>\t\t\t<\/span>\n\t\t\t\t\t\t\t\t\t<span class=\"elementor-button-text\">Ans\u00f6kan<\/span>\n\t\t\t\t\t<\/span>\n\t\t\t\t\t<\/a>\n\t\t\t\t<\/div>\n\t\t\t\t\t\t\t\t<\/div>\n\t\t\t\t<\/div>\n\t\t\t\t<\/div>\n\t\t\t\t\t<\/div>\n\t\t\t\t<\/div>\n\t\t\t\t<\/div>\n\t\t","protected":false},"excerpt":{"rendered":"<p>Bli en del av v\u00e5rt team! Inf\u00f6r varje s\u00e4song s\u00f6ker vi nya, entusiastiska medarbetare som vill vara med och skapa en of\u00f6rgl\u00f6mlig upplevelse f\u00f6r v\u00e5ra g\u00e4ster. Hos oss f\u00e5r du m\u00f6jlighet att vara en del av ett dynamiskt team d\u00e4r tempot \u00e4r h\u00f6gt och ingen dag \u00e4r den andra lik. H\u00e4r \u00e4r det alltid fullt [&hellip;]<\/p>\n","protected":false},"author":1,"featured_media":0,"parent":0,"menu_order":0,"comment_status":"closed","ping_status":"closed","template":"elementor_header_footer","meta":{"footnotes":""},"class_list":["post-15","page","type-page","status-publish","hentry"],"yoast_head":"<!-- This site is optimized with the Yoast SEO plugin v24.2 - https:\/\/yoast.com\/wordpress\/plugins\/seo\/ -->\n<title>Jobba hos oss - R\u00f6r\u00f6boa Gelato &amp; Restaurang<\/title>\n<meta name=\"robots\" content=\"noindex, follow, max-snippet:-1, max-image-preview:large, max-video-preview:-1\" \/>\n<meta property=\"og:locale\" content=\"sv_SE\" \/>\n<meta property=\"og:type\" content=\"article\" \/>\n<meta property=\"og:title\" content=\"Jobba hos oss - R\u00f6r\u00f6boa Gelato &amp; Restaurang\" \/>\n<meta property=\"og:description\" content=\"Bli en del av v\u00e5rt team! Inf\u00f6r varje s\u00e4song s\u00f6ker vi nya, entusiastiska medarbetare som vill vara med och skapa en of\u00f6rgl\u00f6mlig upplevelse f\u00f6r v\u00e5ra g\u00e4ster. Hos oss f\u00e5r du m\u00f6jlighet att vara en del av ett dynamiskt team d\u00e4r tempot \u00e4r h\u00f6gt och ingen dag \u00e4r den andra lik. H\u00e4r \u00e4r det alltid fullt [&hellip;]\" \/>\n<meta property=\"og:url\" content=\"https:\/\/roroboa.acrowd.se\/?page_id=15\" \/>\n<meta property=\"og:site_name\" content=\"R\u00f6r\u00f6boa Gelato &amp; Restaurang\" \/>\n<meta property=\"article:modified_time\" content=\"2025-01-09T10:28:44+00:00\" \/>\n<meta property=\"og:image\" content=\"https:\/\/roroboa.acrowd.se\/wp-content\/uploads\/2025\/01\/Personal-e1736338236528.jpg\" \/>\n\t<meta property=\"og:image:width\" content=\"1440\" \/>\n\t<meta property=\"og:image:height\" content=\"1450\" \/>\n\t<meta property=\"og:image:type\" content=\"image\/jpeg\" \/>\n<meta name=\"twitter:card\" content=\"summary_large_image\" \/>\n<meta name=\"twitter:label1\" content=\"Est. reading time\" \/>\n\t<meta name=\"twitter:data1\" content=\"3 minuter\" \/>\n<script type=\"application\/ld+json\" class=\"yoast-schema-graph\">{\"@context\":\"https:\/\/schema.org\",\"@graph\":[{\"@type\":\"WebPage\",\"@id\":\"https:\/\/roroboa.acrowd.se\/?page_id=15\",\"url\":\"https:\/\/roroboa.acrowd.se\/?page_id=15\",\"name\":\"Jobba hos oss - R\u00f6r\u00f6boa Gelato &amp; Restaurang\",\"isPartOf\":{\"@id\":\"https:\/\/roroboa.acrowd.se\/#website\"},\"primaryImageOfPage\":{\"@id\":\"https:\/\/roroboa.acrowd.se\/?page_id=15#primaryimage\"},\"image\":{\"@id\":\"https:\/\/roroboa.acrowd.se\/?page_id=15#primaryimage\"},\"thumbnailUrl\":\"https:\/\/roroboa.acrowd.se\/wp-content\/uploads\/2025\/01\/Personal-e1736338236528.jpg\",\"datePublished\":\"2025-01-08T10:39:04+00:00\",\"dateModified\":\"2025-01-09T10:28:44+00:00\",\"breadcrumb\":{\"@id\":\"https:\/\/roroboa.acrowd.se\/?page_id=15#breadcrumb\"},\"inLanguage\":\"sv-SE\",\"potentialAction\":[{\"@type\":\"ReadAction\",\"target\":[\"https:\/\/roroboa.acrowd.se\/?page_id=15\"]}]},{\"@type\":\"ImageObject\",\"inLanguage\":\"sv-SE\",\"@id\":\"https:\/\/roroboa.acrowd.se\/?page_id=15#primaryimage\",\"url\":\"https:\/\/roroboa.acrowd.se\/wp-content\/uploads\/2025\/01\/Personal-e1736338236528.jpg\",\"contentUrl\":\"https:\/\/roroboa.acrowd.se\/wp-content\/uploads\/2025\/01\/Personal-e1736338236528.jpg\",\"width\":1440,\"height\":1450},{\"@type\":\"BreadcrumbList\",\"@id\":\"https:\/\/roroboa.acrowd.se\/?page_id=15#breadcrumb\",\"itemListElement\":[{\"@type\":\"ListItem\",\"position\":1,\"name\":\"Home\",\"item\":\"https:\/\/roroboa.acrowd.se\/\"},{\"@type\":\"ListItem\",\"position\":2,\"name\":\"Jobba hos oss\"}]},{\"@type\":\"WebSite\",\"@id\":\"https:\/\/roroboa.acrowd.se\/#website\",\"url\":\"https:\/\/roroboa.acrowd.se\/\",\"name\":\"R\u00f6r\u00f6boa Gelato &amp; Restaurang\",\"description\":\"R\u00f6r\u00f6boa Gelato &amp; Restaurang\",\"publisher\":{\"@id\":\"https:\/\/roroboa.acrowd.se\/#organization\"},\"potentialAction\":[{\"@type\":\"SearchAction\",\"target\":{\"@type\":\"EntryPoint\",\"urlTemplate\":\"https:\/\/roroboa.acrowd.se\/?s={search_term_string}\"},\"query-input\":{\"@type\":\"PropertyValueSpecification\",\"valueRequired\":true,\"valueName\":\"search_term_string\"}}],\"inLanguage\":\"sv-SE\"},{\"@type\":\"Organization\",\"@id\":\"https:\/\/roroboa.acrowd.se\/#organization\",\"name\":\"R\u00f6r\u00f6boa Gelato &amp; Restaurang\",\"url\":\"https:\/\/roroboa.acrowd.se\/\",\"logo\":{\"@type\":\"ImageObject\",\"inLanguage\":\"sv-SE\",\"@id\":\"https:\/\/roroboa.acrowd.se\/#\/schema\/logo\/image\/\",\"url\":\"https:\/\/roroboa.acrowd.se\/wp-content\/uploads\/2025\/01\/Roroboa-.png\",\"contentUrl\":\"https:\/\/roroboa.acrowd.se\/wp-content\/uploads\/2025\/01\/Roroboa-.png\",\"width\":80,\"height\":80,\"caption\":\"R\u00f6r\u00f6boa Gelato &amp; Restaurang\"},\"image\":{\"@id\":\"https:\/\/roroboa.acrowd.se\/#\/schema\/logo\/image\/\"}}]}<\/script>\n<!-- \/ Yoast SEO plugin. -->","yoast_head_json":{"title":"Jobba hos oss - R\u00f6r\u00f6boa Gelato &amp; Restaurang","robots":{"index":"noindex","follow":"follow","max-snippet":"max-snippet:-1","max-image-preview":"max-image-preview:large","max-video-preview":"max-video-preview:-1"},"og_locale":"sv_SE","og_type":"article","og_title":"Jobba hos oss - R\u00f6r\u00f6boa Gelato &amp; Restaurang","og_description":"Bli en del av v\u00e5rt team! Inf\u00f6r varje s\u00e4song s\u00f6ker vi nya, entusiastiska medarbetare som vill vara med och skapa en of\u00f6rgl\u00f6mlig upplevelse f\u00f6r v\u00e5ra g\u00e4ster. Hos oss f\u00e5r du m\u00f6jlighet att vara en del av ett dynamiskt team d\u00e4r tempot \u00e4r h\u00f6gt och ingen dag \u00e4r den andra lik. H\u00e4r \u00e4r det alltid fullt [&hellip;]","og_url":"https:\/\/roroboa.acrowd.se\/?page_id=15","og_site_name":"R\u00f6r\u00f6boa Gelato &amp; Restaurang","article_modified_time":"2025-01-09T10:28:44+00:00","og_image":[{"width":1440,"height":1450,"url":"https:\/\/roroboa.acrowd.se\/wp-content\/uploads\/2025\/01\/Personal-e1736338236528.jpg","type":"image\/jpeg"}],"twitter_card":"summary_large_image","twitter_misc":{"Est. reading time":"3 minuter"},"schema":{"@context":"https:\/\/schema.org","@graph":[{"@type":"WebPage","@id":"https:\/\/roroboa.acrowd.se\/?page_id=15","url":"https:\/\/roroboa.acrowd.se\/?page_id=15","name":"Jobba hos oss - R\u00f6r\u00f6boa Gelato &amp; Restaurang","isPartOf":{"@id":"https:\/\/roroboa.acrowd.se\/#website"},"primaryImageOfPage":{"@id":"https:\/\/roroboa.acrowd.se\/?page_id=15#primaryimage"},"image":{"@id":"https:\/\/roroboa.acrowd.se\/?page_id=15#primaryimage"},"thumbnailUrl":"https:\/\/roroboa.acrowd.se\/wp-content\/uploads\/2025\/01\/Personal-e1736338236528.jpg","datePublished":"2025-01-08T10:39:04+00:00","dateModified":"2025-01-09T10:28:44+00:00","breadcrumb":{"@id":"https:\/\/roroboa.acrowd.se\/?page_id=15#breadcrumb"},"inLanguage":"sv-SE","potentialAction":[{"@type":"ReadAction","target":["https:\/\/roroboa.acrowd.se\/?page_id=15"]}]},{"@type":"ImageObject","inLanguage":"sv-SE","@id":"https:\/\/roroboa.acrowd.se\/?page_id=15#primaryimage","url":"https:\/\/roroboa.acrowd.se\/wp-content\/uploads\/2025\/01\/Personal-e1736338236528.jpg","contentUrl":"https:\/\/roroboa.acrowd.se\/wp-content\/uploads\/2025\/01\/Personal-e1736338236528.jpg","width":1440,"height":1450},{"@type":"BreadcrumbList","@id":"https:\/\/roroboa.acrowd.se\/?page_id=15#breadcrumb","itemListElement":[{"@type":"ListItem","position":1,"name":"Home","item":"https:\/\/roroboa.acrowd.se\/"},{"@type":"ListItem","position":2,"name":"Jobba hos oss"}]},{"@type":"WebSite","@id":"https:\/\/roroboa.acrowd.se\/#website","url":"https:\/\/roroboa.acrowd.se\/","name":"R\u00f6r\u00f6boa Gelato &amp; Restaurang","description":"R\u00f6r\u00f6boa Gelato &amp; Restaurang","publisher":{"@id":"https:\/\/roroboa.acrowd.se\/#organization"},"potentialAction":[{"@type":"SearchAction","target":{"@type":"EntryPoint","urlTemplate":"https:\/\/roroboa.acrowd.se\/?s={search_term_string}"},"query-input":{"@type":"PropertyValueSpecification","valueRequired":true,"valueName":"search_term_string"}}],"inLanguage":"sv-SE"},{"@type":"Organization","@id":"https:\/\/roroboa.acrowd.se\/#organization","name":"R\u00f6r\u00f6boa Gelato &amp; Restaurang","url":"https:\/\/roroboa.acrowd.se\/","logo":{"@type":"ImageObject","inLanguage":"sv-SE","@id":"https:\/\/roroboa.acrowd.se\/#\/schema\/logo\/image\/","url":"https:\/\/roroboa.acrowd.se\/wp-content\/uploads\/2025\/01\/Roroboa-.png","contentUrl":"https:\/\/roroboa.acrowd.se\/wp-content\/uploads\/2025\/01\/Roroboa-.png","width":80,"height":80,"caption":"R\u00f6r\u00f6boa Gelato &amp; Restaurang"},"image":{"@id":"https:\/\/roroboa.acrowd.se\/#\/schema\/logo\/image\/"}}]}},"_links":{"self":[{"href":"https:\/\/roroboa.acrowd.se\/index.php?rest_route=\/wp\/v2\/pages\/15","targetHints":{"allow":["GET"]}}],"collection":[{"href":"https:\/\/roroboa.acrowd.se\/index.php?rest_route=\/wp\/v2\/pages"}],"about":[{"href":"https:\/\/roroboa.acrowd.se\/index.php?rest_route=\/wp\/v2\/types\/page"}],"author":[{"embeddable":true,"href":"https:\/\/roroboa.acrowd.se\/index.php?rest_route=\/wp\/v2\/users\/1"}],"replies":[{"embeddable":true,"href":"https:\/\/roroboa.acrowd.se\/index.php?rest_route=%2Fwp%2Fv2%2Fcomments&post=15"}],"version-history":[{"count":94,"href":"https:\/\/roroboa.acrowd.se\/index.php?rest_route=\/wp\/v2\/pages\/15\/revisions"}],"predecessor-version":[{"id":641,"href":"https:\/\/roroboa.acrowd.se\/index.php?rest_route=\/wp\/v2\/pages\/15\/revisions\/641"}],"wp:attachment":[{"href":"https:\/\/roroboa.acrowd.se\/index.php?rest_route=%2Fwp%2Fv2%2Fmedia&parent=15"}],"curies":[{"name":"wp","href":"https:\/\/api.w.org\/{rel}","templated":true}]}}