{"id":17,"date":"2025-01-08T10:40:16","date_gmt":"2025-01-08T10:40:16","guid":{"rendered":"https:\/\/roroboa.acrowd.se\/?page_id=17"},"modified":"2025-01-09T09:55:51","modified_gmt":"2025-01-09T09:55:51","slug":"oppetider","status":"publish","type":"page","link":"https:\/\/roroboa.acrowd.se\/?page_id=17","title":{"rendered":"\u00d6ppetider"},"content":{"rendered":"\t\t<div data-elementor-type=\"wp-page\" data-elementor-id=\"17\" class=\"elementor elementor-17\" data-elementor-post-type=\"page\">\n\t\t\t\t<div class=\"elementor-element elementor-element-89643b3 e-flex e-con-boxed e-con e-parent\" data-id=\"89643b3\" data-element_type=\"container\">\n\t\t\t\t\t<div class=\"e-con-inner\">\n\t\t<div class=\"elementor-element elementor-element-1d6e548 e-con-full e-flex e-con e-child\" data-id=\"1d6e548\" data-element_type=\"container\">\n\t\t\t\t<div class=\"elementor-element elementor-element-2728fd6 elementor-widget elementor-widget-heading\" data-id=\"2728fd6\" data-element_type=\"widget\" data-widget_type=\"heading.default\">\n\t\t\t\t<div class=\"elementor-widget-container\">\n\t\t\t\t\t<h1 class=\"elementor-heading-title elementor-size-default\">St\u00e4ngt f\u00f6r s\u00e4songen\n<\/h1>\t\t\t\t<\/div>\n\t\t\t\t<\/div>\n\t\t\t\t<div class=\"elementor-element elementor-element-8bd8f76 elementor-widget elementor-widget-text-editor\" data-id=\"8bd8f76\" data-element_type=\"widget\" data-widget_type=\"text-editor.default\">\n\t\t\t\t<div class=\"elementor-widget-container\">\n\t\t\t\t\t\t\t\t\t<p>Vi \u00f6ppnar \u00e5ter i maj 2025. Vi ser fram emot att tr\u00e4ffa dig d\u00e5!<\/p>\t\t\t\t\t\t\t\t<\/div>\n\t\t\t\t<\/div>\n\t\t\t\t<\/div>\n\t\t\t\t\t<\/div>\n\t\t\t\t<\/div>\n\t\t<div class=\"elementor-element elementor-element-d73000b e-flex e-con-boxed e-con e-parent\" data-id=\"d73000b\" data-element_type=\"container\" data-settings=\"{&quot;background_background&quot;:&quot;classic&quot;}\">\n\t\t\t\t\t<div class=\"e-con-inner\">\n\t\t<div class=\"elementor-element elementor-element-2a1ac19 e-con-full e-flex e-con e-child\" data-id=\"2a1ac19\" data-element_type=\"container\" data-settings=\"{&quot;background_background&quot;:&quot;classic&quot;}\">\n\t\t\t\t<div class=\"elementor-element elementor-element-d7c92e5 elementor-widget elementor-widget-heading\" data-id=\"d7c92e5\" data-element_type=\"widget\" data-widget_type=\"heading.default\">\n\t\t\t\t<div class=\"elementor-widget-container\">\n\t\t\t\t\t<h2 class=\"elementor-heading-title elementor-size-default\">Vi s\u00f6ker sommarpersonal\n<\/h2>\t\t\t\t<\/div>\n\t\t\t\t<\/div>\n\t\t\t\t<div class=\"elementor-element elementor-element-66ea933 elementor-widget elementor-widget-text-editor\" data-id=\"66ea933\" data-element_type=\"widget\" data-widget_type=\"text-editor.default\">\n\t\t\t\t<div class=\"elementor-widget-container\">\n\t\t\t\t\t\t\t\t\t<p>\u00c4r du intresserad av att bli en del av v\u00e5rt team? Vi s\u00f6ker engagerade medarbetare inf\u00f6r n\u00e4sta s\u00e4song. L\u00e4s mer om v\u00e5ra lediga tj\u00e4nster och ans\u00f6k.<\/p>\t\t\t\t\t\t\t\t<\/div>\n\t\t\t\t<\/div>\n\t\t\t\t<div class=\"elementor-element elementor-element-e981deb elementor-widget__width-auto hover-underline-animation elementor-widget elementor-widget-button\" data-id=\"e981deb\" data-element_type=\"widget\" data-widget_type=\"button.default\">\n\t\t\t\t<div class=\"elementor-widget-container\">\n\t\t\t\t\t\t\t\t\t<div class=\"elementor-button-wrapper\">\n\t\t\t\t\t<a class=\"elementor-button elementor-button-link elementor-size-sm\" href=\"https:\/\/roroboa.acrowd.se\/?page_id=15\">\n\t\t\t\t\t\t<span class=\"elementor-button-content-wrapper\">\n\t\t\t\t\t\t<span class=\"elementor-button-icon\">\n\t\t\t\t<i aria-hidden=\"true\" class=\"material-icons md-arrow_outward\" data-md-icon=\"arrow_outward\"><\/i>\t\t\t<\/span>\n\t\t\t\t\t\t\t\t\t<span class=\"elementor-button-text\">L\u00e4s mer<\/span>\n\t\t\t\t\t<\/span>\n\t\t\t\t\t<\/a>\n\t\t\t\t<\/div>\n\t\t\t\t\t\t\t\t<\/div>\n\t\t\t\t<\/div>\n\t\t\t\t<\/div>\n\t\t<div class=\"elementor-element elementor-element-2918e27 e-con-full e-flex e-con e-child\" data-id=\"2918e27\" data-element_type=\"container\" data-settings=\"{&quot;background_background&quot;:&quot;classic&quot;}\">\n\t\t\t\t<div class=\"elementor-element elementor-element-8e5ae73 elementor-widget elementor-widget-heading\" data-id=\"8e5ae73\" data-element_type=\"widget\" data-widget_type=\"heading.default\">\n\t\t\t\t<div class=\"elementor-widget-container\">\n\t\t\t\t\t<h2 class=\"elementor-heading-title elementor-size-default\">Kontaktuppgifter\n<\/h2>\t\t\t\t<\/div>\n\t\t\t\t<\/div>\n\t\t\t\t<div class=\"elementor-element elementor-element-954ce06 elementor-widget__width-inherit elementor-widget elementor-widget-text-editor\" data-id=\"954ce06\" data-element_type=\"widget\" data-widget_type=\"text-editor.default\">\n\t\t\t\t<div class=\"elementor-widget-container\">\n\t\t\t\t\t\t\t\t\t<p>Har du fr\u00e5gor eller funderingar? Tveka inte att h\u00f6ra av dig till oss!<\/p><p><strong>Adress:<\/strong><br \/><span style=\"text-decoration: underline; color: #000000;\"><a style=\"color: #000000;\" href=\"https:\/\/www.google.com\/maps\/dir\/59.3133568,18.0682752\/Hamnen,+475+53+R%C3%B6r%C3%B6,+Sweden\/@58.3877033,9.5747541,6z\/data=!3m1!4b1!4m9!4m8!1m1!4e1!1m5!1m1!1s0x464f8642d7bb3b41:0x3c9e472fb0a5dfc2!2m2!1d11.616599!2d57.7733078?entry=ttu&amp;g_ep=EgoyMDI1MDEwNi4xIKXMDSoASAFQAw%3D%3D\">Hamnen, 475 53 R\u00f6r\u00f6, Sweden<\/a><\/span><\/p><p><strong>E-post:<\/strong><br \/><span style=\"text-decoration: underline;\"><span style=\"color: #000000;\"><a style=\"color: #000000; text-decoration: underline;\" href=\"mailto:hej@roroboa.se\" rel=\"noopener\">hej@roroboa.se<\/a><\/span><\/span><\/p><p><strong>Telefon:<\/strong><br \/><span style=\"text-decoration: underline;\"><span style=\"color: #000000;\"><a style=\"color: #000000; text-decoration: underline;\" href=\"tel:073-140 55 55\">073-140 55 55<\/a><\/span><\/span><\/p>\t\t\t\t\t\t\t\t<\/div>\n\t\t\t\t<\/div>\n\t\t\t\t<\/div>\n\t\t\t\t\t<\/div>\n\t\t\t\t<\/div>\n\t\t\t\t<\/div>\n\t\t","protected":false},"excerpt":{"rendered":"<p>St\u00e4ngt f\u00f6r s\u00e4songen Vi \u00f6ppnar \u00e5ter i maj 2025. Vi ser fram emot att tr\u00e4ffa dig d\u00e5! Vi s\u00f6ker sommarpersonal \u00c4r du intresserad av att bli en del av v\u00e5rt team? Vi s\u00f6ker engagerade medarbetare inf\u00f6r n\u00e4sta s\u00e4song. L\u00e4s mer om v\u00e5ra lediga tj\u00e4nster och ans\u00f6k. L\u00e4s mer Kontaktuppgifter Har du fr\u00e5gor eller funderingar? Tveka [&hellip;]<\/p>\n","protected":false},"author":1,"featured_media":0,"parent":0,"menu_order":0,"comment_status":"closed","ping_status":"closed","template":"elementor_header_footer","meta":{"footnotes":""},"class_list":["post-17","page","type-page","status-publish","hentry"],"yoast_head":"<!-- This site is optimized with the Yoast SEO plugin v24.2 - https:\/\/yoast.com\/wordpress\/plugins\/seo\/ -->\n<title>\u00d6ppetider - R\u00f6r\u00f6boa Gelato &amp; Restaurang<\/title>\n<meta name=\"robots\" content=\"noindex, follow, max-snippet:-1, max-image-preview:large, max-video-preview:-1\" \/>\n<meta property=\"og:locale\" content=\"sv_SE\" \/>\n<meta property=\"og:type\" content=\"article\" \/>\n<meta property=\"og:title\" content=\"\u00d6ppetider - R\u00f6r\u00f6boa Gelato &amp; Restaurang\" \/>\n<meta property=\"og:description\" content=\"St\u00e4ngt f\u00f6r s\u00e4songen Vi \u00f6ppnar \u00e5ter i maj 2025. Vi ser fram emot att tr\u00e4ffa dig d\u00e5! Vi s\u00f6ker sommarpersonal \u00c4r du intresserad av att bli en del av v\u00e5rt team? Vi s\u00f6ker engagerade medarbetare inf\u00f6r n\u00e4sta s\u00e4song. L\u00e4s mer om v\u00e5ra lediga tj\u00e4nster och ans\u00f6k. L\u00e4s mer Kontaktuppgifter Har du fr\u00e5gor eller funderingar? Tveka [&hellip;]\" \/>\n<meta property=\"og:url\" content=\"https:\/\/roroboa.acrowd.se\/?page_id=17\" \/>\n<meta property=\"og:site_name\" content=\"R\u00f6r\u00f6boa Gelato &amp; Restaurang\" \/>\n<meta property=\"article:modified_time\" content=\"2025-01-09T09:55:51+00:00\" \/>\n<meta name=\"twitter:card\" content=\"summary_large_image\" \/>\n<meta name=\"twitter:label1\" content=\"Est. reading time\" \/>\n\t<meta name=\"twitter:data1\" content=\"1 minut\" \/>\n<script type=\"application\/ld+json\" class=\"yoast-schema-graph\">{\"@context\":\"https:\/\/schema.org\",\"@graph\":[{\"@type\":\"WebPage\",\"@id\":\"https:\/\/roroboa.acrowd.se\/?page_id=17\",\"url\":\"https:\/\/roroboa.acrowd.se\/?page_id=17\",\"name\":\"\u00d6ppetider - R\u00f6r\u00f6boa Gelato &amp; Restaurang\",\"isPartOf\":{\"@id\":\"https:\/\/roroboa.acrowd.se\/#website\"},\"datePublished\":\"2025-01-08T10:40:16+00:00\",\"dateModified\":\"2025-01-09T09:55:51+00:00\",\"breadcrumb\":{\"@id\":\"https:\/\/roroboa.acrowd.se\/?page_id=17#breadcrumb\"},\"inLanguage\":\"sv-SE\",\"potentialAction\":[{\"@type\":\"ReadAction\",\"target\":[\"https:\/\/roroboa.acrowd.se\/?page_id=17\"]}]},{\"@type\":\"BreadcrumbList\",\"@id\":\"https:\/\/roroboa.acrowd.se\/?page_id=17#breadcrumb\",\"itemListElement\":[{\"@type\":\"ListItem\",\"position\":1,\"name\":\"Home\",\"item\":\"https:\/\/roroboa.acrowd.se\/\"},{\"@type\":\"ListItem\",\"position\":2,\"name\":\"\u00d6ppetider\"}]},{\"@type\":\"WebSite\",\"@id\":\"https:\/\/roroboa.acrowd.se\/#website\",\"url\":\"https:\/\/roroboa.acrowd.se\/\",\"name\":\"R\u00f6r\u00f6boa Gelato &amp; Restaurang\",\"description\":\"R\u00f6r\u00f6boa Gelato &amp; Restaurang\",\"publisher\":{\"@id\":\"https:\/\/roroboa.acrowd.se\/#organization\"},\"potentialAction\":[{\"@type\":\"SearchAction\",\"target\":{\"@type\":\"EntryPoint\",\"urlTemplate\":\"https:\/\/roroboa.acrowd.se\/?s={search_term_string}\"},\"query-input\":{\"@type\":\"PropertyValueSpecification\",\"valueRequired\":true,\"valueName\":\"search_term_string\"}}],\"inLanguage\":\"sv-SE\"},{\"@type\":\"Organization\",\"@id\":\"https:\/\/roroboa.acrowd.se\/#organization\",\"name\":\"R\u00f6r\u00f6boa Gelato &amp; Restaurang\",\"url\":\"https:\/\/roroboa.acrowd.se\/\",\"logo\":{\"@type\":\"ImageObject\",\"inLanguage\":\"sv-SE\",\"@id\":\"https:\/\/roroboa.acrowd.se\/#\/schema\/logo\/image\/\",\"url\":\"https:\/\/roroboa.acrowd.se\/wp-content\/uploads\/2025\/01\/Roroboa-.png\",\"contentUrl\":\"https:\/\/roroboa.acrowd.se\/wp-content\/uploads\/2025\/01\/Roroboa-.png\",\"width\":80,\"height\":80,\"caption\":\"R\u00f6r\u00f6boa Gelato &amp; Restaurang\"},\"image\":{\"@id\":\"https:\/\/roroboa.acrowd.se\/#\/schema\/logo\/image\/\"}}]}<\/script>\n<!-- \/ Yoast SEO plugin. -->","yoast_head_json":{"title":"\u00d6ppetider - R\u00f6r\u00f6boa Gelato &amp; Restaurang","robots":{"index":"noindex","follow":"follow","max-snippet":"max-snippet:-1","max-image-preview":"max-image-preview:large","max-video-preview":"max-video-preview:-1"},"og_locale":"sv_SE","og_type":"article","og_title":"\u00d6ppetider - R\u00f6r\u00f6boa Gelato &amp; Restaurang","og_description":"St\u00e4ngt f\u00f6r s\u00e4songen Vi \u00f6ppnar \u00e5ter i maj 2025. Vi ser fram emot att tr\u00e4ffa dig d\u00e5! Vi s\u00f6ker sommarpersonal \u00c4r du intresserad av att bli en del av v\u00e5rt team? Vi s\u00f6ker engagerade medarbetare inf\u00f6r n\u00e4sta s\u00e4song. L\u00e4s mer om v\u00e5ra lediga tj\u00e4nster och ans\u00f6k. L\u00e4s mer Kontaktuppgifter Har du fr\u00e5gor eller funderingar? Tveka [&hellip;]","og_url":"https:\/\/roroboa.acrowd.se\/?page_id=17","og_site_name":"R\u00f6r\u00f6boa Gelato &amp; Restaurang","article_modified_time":"2025-01-09T09:55:51+00:00","twitter_card":"summary_large_image","twitter_misc":{"Est. reading time":"1 minut"},"schema":{"@context":"https:\/\/schema.org","@graph":[{"@type":"WebPage","@id":"https:\/\/roroboa.acrowd.se\/?page_id=17","url":"https:\/\/roroboa.acrowd.se\/?page_id=17","name":"\u00d6ppetider - R\u00f6r\u00f6boa Gelato &amp; Restaurang","isPartOf":{"@id":"https:\/\/roroboa.acrowd.se\/#website"},"datePublished":"2025-01-08T10:40:16+00:00","dateModified":"2025-01-09T09:55:51+00:00","breadcrumb":{"@id":"https:\/\/roroboa.acrowd.se\/?page_id=17#breadcrumb"},"inLanguage":"sv-SE","potentialAction":[{"@type":"ReadAction","target":["https:\/\/roroboa.acrowd.se\/?page_id=17"]}]},{"@type":"BreadcrumbList","@id":"https:\/\/roroboa.acrowd.se\/?page_id=17#breadcrumb","itemListElement":[{"@type":"ListItem","position":1,"name":"Home","item":"https:\/\/roroboa.acrowd.se\/"},{"@type":"ListItem","position":2,"name":"\u00d6ppetider"}]},{"@type":"WebSite","@id":"https:\/\/roroboa.acrowd.se\/#website","url":"https:\/\/roroboa.acrowd.se\/","name":"R\u00f6r\u00f6boa Gelato &amp; Restaurang","description":"R\u00f6r\u00f6boa Gelato &amp; Restaurang","publisher":{"@id":"https:\/\/roroboa.acrowd.se\/#organization"},"potentialAction":[{"@type":"SearchAction","target":{"@type":"EntryPoint","urlTemplate":"https:\/\/roroboa.acrowd.se\/?s={search_term_string}"},"query-input":{"@type":"PropertyValueSpecification","valueRequired":true,"valueName":"search_term_string"}}],"inLanguage":"sv-SE"},{"@type":"Organization","@id":"https:\/\/roroboa.acrowd.se\/#organization","name":"R\u00f6r\u00f6boa Gelato &amp; Restaurang","url":"https:\/\/roroboa.acrowd.se\/","logo":{"@type":"ImageObject","inLanguage":"sv-SE","@id":"https:\/\/roroboa.acrowd.se\/#\/schema\/logo\/image\/","url":"https:\/\/roroboa.acrowd.se\/wp-content\/uploads\/2025\/01\/Roroboa-.png","contentUrl":"https:\/\/roroboa.acrowd.se\/wp-content\/uploads\/2025\/01\/Roroboa-.png","width":80,"height":80,"caption":"R\u00f6r\u00f6boa Gelato &amp; Restaurang"},"image":{"@id":"https:\/\/roroboa.acrowd.se\/#\/schema\/logo\/image\/"}}]}},"_links":{"self":[{"href":"https:\/\/roroboa.acrowd.se\/index.php?rest_route=\/wp\/v2\/pages\/17","targetHints":{"allow":["GET"]}}],"collection":[{"href":"https:\/\/roroboa.acrowd.se\/index.php?rest_route=\/wp\/v2\/pages"}],"about":[{"href":"https:\/\/roroboa.acrowd.se\/index.php?rest_route=\/wp\/v2\/types\/page"}],"author":[{"embeddable":true,"href":"https:\/\/roroboa.acrowd.se\/index.php?rest_route=\/wp\/v2\/users\/1"}],"replies":[{"embeddable":true,"href":"https:\/\/roroboa.acrowd.se\/index.php?rest_route=%2Fwp%2Fv2%2Fcomments&post=17"}],"version-history":[{"count":8,"href":"https:\/\/roroboa.acrowd.se\/index.php?rest_route=\/wp\/v2\/pages\/17\/revisions"}],"predecessor-version":[{"id":606,"href":"https:\/\/roroboa.acrowd.se\/index.php?rest_route=\/wp\/v2\/pages\/17\/revisions\/606"}],"wp:attachment":[{"href":"https:\/\/roroboa.acrowd.se\/index.php?rest_route=%2Fwp%2Fv2%2Fmedia&parent=17"}],"curies":[{"name":"wp","href":"https:\/\/api.w.org\/{rel}","templated":true}]}}